{"id":44863,"date":"2023-08-10T12:50:36","date_gmt":"2023-08-10T10:50:36","guid":{"rendered":"https:\/\/dignitynews.eu\/?page_id=44863"},"modified":"2023-08-10T12:51:33","modified_gmt":"2023-08-10T10:51:33","slug":"finansowanie","status":"publish","type":"page","link":"https:\/\/dignitynews.eu\/pl\/finansowanie\/","title":{"rendered":"Finansowanie"},"content":{"rendered":"<p><img loading=\"lazy\" decoding=\"async\" class=\"alignnone size-medium wp-image-44864\" src=\"https:\/\/dignitynews.eu\/wp-content\/uploads\/2023\/08\/znaki_strona_www-300x100.png\" alt=\"\" width=\"300\" height=\"100\" srcset=\"https:\/\/dignitynews.eu\/wp-content\/uploads\/2023\/08\/znaki_strona_www-300x100.png 300w, https:\/\/dignitynews.eu\/wp-content\/uploads\/2023\/08\/znaki_strona_www-1024x341.png 1024w, https:\/\/dignitynews.eu\/wp-content\/uploads\/2023\/08\/znaki_strona_www-768x256.png 768w, https:\/\/dignitynews.eu\/wp-content\/uploads\/2023\/08\/znaki_strona_www-1536x511.png 1536w, https:\/\/dignitynews.eu\/wp-content\/uploads\/2023\/08\/znaki_strona_www-1170x390.png 1170w, https:\/\/dignitynews.eu\/wp-content\/uploads\/2023\/08\/znaki_strona_www-585x195.png 585w, https:\/\/dignitynews.eu\/wp-content\/uploads\/2023\/08\/znaki_strona_www.png 1751w\" sizes=\"auto, (max-width: 300px) 100vw, 300px\" \/><\/p>\n<h2>Projekt SONP\/SN\/564519\/2022<\/h2>\n<ul>\n<li><b>Nazwa:<\/b> Portal Godno\u015b\u0107<\/li>\n<li><b>Dofinansowanie:<\/b> przez Ministra Edukacji i Nauki<\/li>\n<li><b>Kwota dofinansowania:<\/b> 899 500 z\u0142<\/li>\n<\/ul>\n<h2>Projekt SONP\/SN\/514915\/2021<\/h2>\n<ul>\n<li><b>Nazwa:<\/b> Projekt Godno\u015b\u0107<\/li>\n<li><b>Dofinansowanie:<\/b> przez Ministra Edukacji i Nauki<\/li>\n<li><b>Kwota dofinansowania:<\/b> 999 000 z\u0142<\/li>\n<\/ul>\n","protected":false},"excerpt":{"rendered":"<p>Projekt SONP\/SN\/564519\/2022 Nazwa: Portal Godno\u015b\u0107 Dofinansowanie: przez Ministra Edukacji i Nauki Kwota dofinansowania: 899 500 z\u0142 Projekt SONP\/SN\/514915\/2021 Nazwa: Projekt Godno\u015b\u0107 Dofinansowanie: przez Ministra Edukacji i Nauki Kwota dofinansowania: 999&hellip;<\/p>\n","protected":false},"author":2,"featured_media":0,"parent":0,"menu_order":0,"comment_status":"closed","ping_status":"closed","template":"","meta":{"_mi_skip_tracking":false,"footnotes":""},"class_list":["post-44863","page","type-page","status-publish","hentry"],"yoast_head":"<!-- This site is optimized with the Yoast SEO plugin v19.4 - https:\/\/yoast.com\/wordpress\/plugins\/seo\/ -->\n<title>Finansowanie - Godno\u015b\u0107 - DignityNews.eu<\/title>\n<meta name=\"robots\" content=\"index, follow, max-snippet:-1, max-image-preview:large, max-video-preview:-1\" \/>\n<link rel=\"canonical\" href=\"https:\/\/dignitynews.eu\/pl\/finansowanie\/\" \/>\n<meta property=\"og:locale\" content=\"pl_PL\" \/>\n<meta property=\"og:type\" content=\"article\" \/>\n<meta property=\"og:title\" content=\"Finansowanie - Godno\u015b\u0107 - DignityNews.eu\" \/>\n<meta property=\"og:description\" content=\"Projekt SONP\/SN\/564519\/2022 Nazwa: Portal Godno\u015b\u0107 Dofinansowanie: przez Ministra Edukacji i Nauki Kwota dofinansowania: 899 500 z\u0142 Projekt SONP\/SN\/514915\/2021 Nazwa: Projekt Godno\u015b\u0107 Dofinansowanie: przez Ministra Edukacji i Nauki Kwota dofinansowania: 999&hellip;\" \/>\n<meta property=\"og:url\" content=\"https:\/\/dignitynews.eu\/pl\/finansowanie\/\" \/>\n<meta property=\"og:site_name\" content=\"Godno\u015b\u0107 - DignityNews.eu\" \/>\n<meta property=\"article:modified_time\" content=\"2023-08-10T10:51:33+00:00\" \/>\n<meta property=\"og:image\" content=\"https:\/\/dignitynews.eu\/wp-content\/uploads\/2023\/08\/znaki_strona_www-300x100.png\" \/>\n<meta name=\"twitter:card\" content=\"summary_large_image\" \/>\n<script type=\"application\/ld+json\" class=\"yoast-schema-graph\">{\"@context\":\"https:\/\/schema.org\",\"@graph\":[{\"@type\":\"WebSite\",\"@id\":\"https:\/\/dignitynews.eu\/pl\/#website\",\"url\":\"https:\/\/dignitynews.eu\/pl\/\",\"name\":\"Godno\u015b\u0107 - DignityNews.eu\",\"description\":\"\",\"potentialAction\":[{\"@type\":\"SearchAction\",\"target\":{\"@type\":\"EntryPoint\",\"urlTemplate\":\"https:\/\/dignitynews.eu\/pl\/?s={search_term_string}\"},\"query-input\":\"required name=search_term_string\"}],\"inLanguage\":\"pl-PL\"},{\"@type\":\"WebPage\",\"@id\":\"https:\/\/dignitynews.eu\/pl\/finansowanie\/\",\"url\":\"https:\/\/dignitynews.eu\/pl\/finansowanie\/\",\"name\":\"Finansowanie - Godno\u015b\u0107 - DignityNews.eu\",\"isPartOf\":{\"@id\":\"https:\/\/dignitynews.eu\/pl\/#website\"},\"datePublished\":\"2023-08-10T10:50:36+00:00\",\"dateModified\":\"2023-08-10T10:51:33+00:00\",\"breadcrumb\":{\"@id\":\"https:\/\/dignitynews.eu\/pl\/finansowanie\/#breadcrumb\"},\"inLanguage\":\"pl-PL\",\"potentialAction\":[{\"@type\":\"ReadAction\",\"target\":[\"https:\/\/dignitynews.eu\/pl\/finansowanie\/\"]}]},{\"@type\":\"BreadcrumbList\",\"@id\":\"https:\/\/dignitynews.eu\/pl\/finansowanie\/#breadcrumb\",\"itemListElement\":[{\"@type\":\"ListItem\",\"position\":1,\"name\":\"Strona g\u0142\u00f3wna\",\"item\":\"https:\/\/dignitynews.eu\/pl\/\"},{\"@type\":\"ListItem\",\"position\":2,\"name\":\"Finansowanie\"}]}]}<\/script>\n<!-- \/ Yoast SEO plugin. -->","yoast_head_json":{"title":"Finansowanie - Godno\u015b\u0107 - DignityNews.eu","robots":{"index":"index","follow":"follow","max-snippet":"max-snippet:-1","max-image-preview":"max-image-preview:large","max-video-preview":"max-video-preview:-1"},"canonical":"https:\/\/dignitynews.eu\/pl\/finansowanie\/","og_locale":"pl_PL","og_type":"article","og_title":"Finansowanie - Godno\u015b\u0107 - DignityNews.eu","og_description":"Projekt SONP\/SN\/564519\/2022 Nazwa: Portal Godno\u015b\u0107 Dofinansowanie: przez Ministra Edukacji i Nauki Kwota dofinansowania: 899 500 z\u0142 Projekt SONP\/SN\/514915\/2021 Nazwa: Projekt Godno\u015b\u0107 Dofinansowanie: przez Ministra Edukacji i Nauki Kwota dofinansowania: 999&hellip;","og_url":"https:\/\/dignitynews.eu\/pl\/finansowanie\/","og_site_name":"Godno\u015b\u0107 - DignityNews.eu","article_modified_time":"2023-08-10T10:51:33+00:00","og_image":[{"url":"https:\/\/dignitynews.eu\/wp-content\/uploads\/2023\/08\/znaki_strona_www-300x100.png"}],"twitter_card":"summary_large_image","schema":{"@context":"https:\/\/schema.org","@graph":[{"@type":"WebSite","@id":"https:\/\/dignitynews.eu\/pl\/#website","url":"https:\/\/dignitynews.eu\/pl\/","name":"Godno\u015b\u0107 - DignityNews.eu","description":"","potentialAction":[{"@type":"SearchAction","target":{"@type":"EntryPoint","urlTemplate":"https:\/\/dignitynews.eu\/pl\/?s={search_term_string}"},"query-input":"required name=search_term_string"}],"inLanguage":"pl-PL"},{"@type":"WebPage","@id":"https:\/\/dignitynews.eu\/pl\/finansowanie\/","url":"https:\/\/dignitynews.eu\/pl\/finansowanie\/","name":"Finansowanie - Godno\u015b\u0107 - DignityNews.eu","isPartOf":{"@id":"https:\/\/dignitynews.eu\/pl\/#website"},"datePublished":"2023-08-10T10:50:36+00:00","dateModified":"2023-08-10T10:51:33+00:00","breadcrumb":{"@id":"https:\/\/dignitynews.eu\/pl\/finansowanie\/#breadcrumb"},"inLanguage":"pl-PL","potentialAction":[{"@type":"ReadAction","target":["https:\/\/dignitynews.eu\/pl\/finansowanie\/"]}]},{"@type":"BreadcrumbList","@id":"https:\/\/dignitynews.eu\/pl\/finansowanie\/#breadcrumb","itemListElement":[{"@type":"ListItem","position":1,"name":"Strona g\u0142\u00f3wna","item":"https:\/\/dignitynews.eu\/pl\/"},{"@type":"ListItem","position":2,"name":"Finansowanie"}]}]}},"_links":{"self":[{"href":"https:\/\/dignitynews.eu\/pl\/wp-json\/wp\/v2\/pages\/44863","targetHints":{"allow":["GET"]}}],"collection":[{"href":"https:\/\/dignitynews.eu\/pl\/wp-json\/wp\/v2\/pages"}],"about":[{"href":"https:\/\/dignitynews.eu\/pl\/wp-json\/wp\/v2\/types\/page"}],"author":[{"embeddable":true,"href":"https:\/\/dignitynews.eu\/pl\/wp-json\/wp\/v2\/users\/2"}],"replies":[{"embeddable":true,"href":"https:\/\/dignitynews.eu\/pl\/wp-json\/wp\/v2\/comments?post=44863"}],"version-history":[{"count":2,"href":"https:\/\/dignitynews.eu\/pl\/wp-json\/wp\/v2\/pages\/44863\/revisions"}],"predecessor-version":[{"id":44870,"href":"https:\/\/dignitynews.eu\/pl\/wp-json\/wp\/v2\/pages\/44863\/revisions\/44870"}],"wp:attachment":[{"href":"https:\/\/dignitynews.eu\/pl\/wp-json\/wp\/v2\/media?parent=44863"}],"curies":[{"name":"wp","href":"https:\/\/api.w.org\/{rel}","templated":true}]}}